{"id":29,"date":"2019-02-21T15:20:10","date_gmt":"2019-02-21T14:20:10","guid":{"rendered":"http:\/\/aevolution.fr\/?page_id=29"},"modified":"2021-12-14T21:24:42","modified_gmt":"2021-12-14T20:24:42","slug":"boutique","status":"publish","type":"page","link":"https:\/\/aevolution.fr\/index.php\/boutique\/","title":{"rendered":"Boutique"},"content":{"rendered":"<p>[et_pb_section fb_built=\u00a0\u00bb1&Prime; _builder_version=\u00a0\u00bb3.22&Prime; custom_padding=\u00a0\u00bb54px|0px|0|0px|false|false\u00a0\u00bb][et_pb_row column_structure=\u00a0\u00bb1_3,2_3&Prime; _builder_version=\u00a0\u00bb3.25&Prime; custom_padding=\u00a0\u00bb27px|0px|0|0px|false|false\u00a0\u00bb][et_pb_column type=\u00a0\u00bb1_3&Prime; _builder_version=\u00a0\u00bb3.25&Prime; custom_padding=\u00a0\u00bb|||\u00a0\u00bb custom_padding__hover=\u00a0\u00bb|||\u00a0\u00bb][et_pb_image src=\u00a0\u00bbhttp:\/\/aevolution.fr\/wp-content\/uploads\/2019\/02\/Mon-livre.jpg\u00a0\u00bb align_tablet=\u00a0\u00bbcenter\u00a0\u00bb align_phone=\u00a0\u00bb\u00a0\u00bb align_last_edited=\u00a0\u00bbon|desktop\u00a0\u00bb _builder_version=\u00a0\u00bb3.23&Prime;][\/et_pb_image][\/et_pb_column][et_pb_column type=\u00a0\u00bb2_3&Prime; _builder_version=\u00a0\u00bb3.25&Prime; custom_padding=\u00a0\u00bb|||\u00a0\u00bb custom_padding__hover=\u00a0\u00bb|||\u00a0\u00bb][et_pb_text _builder_version=\u00a0\u00bb3.27.4&Prime;]<\/p>\n<p style=\"text-align: center;\"><span style=\"color: #666699;\"><span style=\"font-size: xx-large;\"><strong>\u00c9panouissement et bien-\u00eatre au travail<\/strong><\/span><span style=\"font-size: large;\"><\/span><\/span><\/p>\n<p style=\"text-align: center;\"><span style=\"color: #666699;\">Co-\u00e9crit par Najma ALI-MOUSSA et Benjamin HENNEQUIIN<\/span><\/p>\n<p style=\"text-align: justify;\"><span style=\"color: #666699; font-size: large;\"><\/span><\/p>\n<p style=\"text-align: justify;\"><span style=\"color: #666699; font-size: large;\">\u00catre heureux, vivre sa vie dans le bien-\u00eatre, profiter de la vie\u00a0\u2026 Lorsque l\u2019on s\u2019interroge sur sa vie, nous faisons un bilan et, un certain nombre de personnes, se demande s\u2019il ne serait pas plus int\u00e9ressant voire, vital, de \u00ab\u00a0changer sa vie\u00a0\u00bb (travail, situation, \u2026). Cependant, nos recherches nous ont permise de d\u00e9couvrir que ce n\u2019est pas forc\u00e9ment le cas. Il arrive souvent que la solution soit\u00a0: un travail sur vous-m\u00eame. Vous devez alors apprendre les techniques utilis\u00e9s par les entrepreneurs qui vivent leurs r\u00eaves pour l\u2019incarner. C\u2019est en agissant que vous d\u00e9couvrirez la cause de vos maux. Ainsi, vous pourrez les r\u00e9gler. Vous vous rendrez compte qu\u2019il suffit peut \u00eatre d\u2019un simple changement dans votre vie pour que tout \u00e9volue\u00a0: se (re)mettre au sport, mieux manger, changer sa posture, mieux g\u00e9rer son temps, son stress, \u2026 Bien entendu, nous aborderons aussi les techniques pour changer radicalement sa vie car chacun est unique et les conseils seront aussi divers et vari\u00e9s pour r\u00e9pondre \u00e0 vos besoins.<\/span><\/p>\n<p style=\"text-align: justify;\"><span style=\"color: #666699; font-size: large;\"><\/span><\/p>\n<p style=\"text-align: justify;\"><span style=\"color: #666699;\">Prix : 34\u20ac + frais de ports 4.20\u20ac<\/span><span style=\"color: #666699; font-size: large;\"><\/span><\/p>\n<p style=\"text-align: justify;\"><span style=\"color: #666699; font-size: large;\"><\/span><\/p>\n<p>[\/et_pb_text][\/et_pb_column][\/et_pb_row][\/et_pb_section][et_pb_section fb_built=\u00a0\u00bb1&Prime; _builder_version=\u00a0\u00bb3.22&Prime; custom_padding=\u00a0\u00bb0|0px|54px|0px|false|false\u00a0\u00bb][et_pb_row _builder_version=\u00a0\u00bb3.25&Prime;][et_pb_column type=\u00a0\u00bb4_4&Prime; _builder_version=\u00a0\u00bb3.25&Prime; custom_padding=\u00a0\u00bb|||\u00a0\u00bb custom_padding__hover=\u00a0\u00bb|||\u00a0\u00bb][et_pb_button button_url=\u00a0\u00bbhttps:\/\/www.paypal.com\/cgi-bin\/webscr?cmd=_s-xclick&#038;hosted_button_id=F6CA2H2E6NAWA\u00a0\u00bb button_text=\u00a0\u00bbCliquez ici pour acheter le livre\u00a0\u00bb button_alignment=\u00a0\u00bbright\u00a0\u00bb _builder_version=\u00a0\u00bb3.19.14&Prime; custom_button=\u00a0\u00bbon\u00a0\u00bb button_text_color=\u00a0\u00bb#a37070&Prime; button_font=\u00a0\u00bb||||||||\u00a0\u00bb box_shadow_style=\u00a0\u00bbpreset6&Prime;][\/et_pb_button][\/et_pb_column][\/et_pb_row][\/et_pb_section][et_pb_section fb_built=\u00a0\u00bb1&Prime; _builder_version=\u00a0\u00bb3.22&Prime; custom_padding=\u00a0\u00bb54px|0px|0|0px|false|false\u00a0\u00bb][et_pb_row column_structure=\u00a0\u00bb1_2,1_2&Prime; _builder_version=\u00a0\u00bb3.25&Prime;][et_pb_column type=\u00a0\u00bb1_2&Prime; _builder_version=\u00a0\u00bb3.25&Prime; custom_padding=\u00a0\u00bb|||\u00a0\u00bb custom_padding__hover=\u00a0\u00bb|||\u00a0\u00bb][et_pb_image src=\u00a0\u00bbhttps:\/\/aevolution.fr\/wp-content\/uploads\/2021\/12\/1639512482-1-scaled.jpg\u00a0\u00bb align_tablet=\u00a0\u00bbcenter\u00a0\u00bb align_phone=\u00a0\u00bb\u00a0\u00bb align_last_edited=\u00a0\u00bbon|desktop\u00a0\u00bb _builder_version=\u00a0\u00bb4.9.4&Prime; hover_enabled=\u00a0\u00bb0&Prime; title_text=\u00a0\u00bb1639512482&Prime; sticky_enabled=\u00a0\u00bb0&Prime;][\/et_pb_image][\/et_pb_column][et_pb_column type=\u00a0\u00bb1_2&Prime; _builder_version=\u00a0\u00bb3.25&Prime; custom_padding=\u00a0\u00bb|||\u00a0\u00bb custom_padding__hover=\u00a0\u00bb|||\u00a0\u00bb][et_pb_text _builder_version=\u00a0\u00bb4.9.4&Prime; _module_preset=\u00a0\u00bbdefault\u00a0\u00bb text_font=\u00a0\u00bb|700|||||||\u00a0\u00bb text_text_color=\u00a0\u00bb#666699&Prime; text_font_size=\u00a0\u00bb23px\u00a0\u00bb text_orientation=\u00a0\u00bbcenter\u00a0\u00bb custom_margin=\u00a0\u00bb|-49px||-12px||\u00a0\u00bb custom_margin_tablet=\u00a0\u00bb\u00a0\u00bb custom_margin_phone=\u00a0\u00bb|-49px||-39px|false|false\u00a0\u00bb custom_margin_last_edited=\u00a0\u00bbon|phone\u00a0\u00bb custom_padding=\u00a0\u00bb|||0px||\u00a0\u00bb text_font_size_tablet=\u00a0\u00bb\u00a0\u00bb text_font_size_phone=\u00a0\u00bb15px\u00a0\u00bb text_font_size_last_edited=\u00a0\u00bbon|phone\u00a0\u00bb]<\/p>\n<p>Programme \u00ab\u00a015 min par jour pour Entreprendre Sereinement \u00ab\u00a0<\/p>\n<p><span style=\"font-size: medium;\"><em>\u00ab\u00a0Avoir de l&rsquo;\u00e9nergie et \u00eatre \u00e9panoui(e) face aux challenges de l&rsquo;entrepreneuriat\u00a0\u00bb<\/em><\/span><\/p>\n<p>[\/et_pb_text][et_pb_text _builder_version=\u00a0\u00bb4.9.4&Prime; custom_padding=\u00a0\u00bb||5px|||\u00a0\u00bb]<\/p>\n<p style=\"text-align: justify;\"><span style=\"color: #666699; font-size: large;\">Cette formation a pour but de vous accompagner aux strat\u00e9gies des entrepreneurs qui ont r\u00e9ussi dans leurs entreprises, en ayant une vie \u00e9quilibr\u00e9e.<\/span><\/p>\n<p>&nbsp;<\/p>\n<p style=\"text-align: justify;\"><span style=\"color: #666699; font-size: large;\">La formation est compos\u00e9e de 10 modules. Chaque module est organis\u00e9 de vid\u00e9o et de PDF avec des exercices.<\/span><\/p>\n<p>\u00a0<span style=\"color: #666699; font-size: large; text-align: justify;\">\u00a0Module 1\u00a0: Pourquoi est-ce important d&rsquo;avoir une vie\u00a0 \u00a0 \u00a0 \u00a0 \u00a0 \u00a0 \u00a0 \u00a0 \u00a0 \u00a0 \u00a0 \u00a0 \u00a0 \u00a0 \u00a0 \u00a0 \u00a0 \u00a0\u00e9quilibr\u00e9e pour bien entreprendre?<\/span><\/p>\n<p><span style=\"color: #666699; font-size: large; text-align: justify;\">\u00a0Module 2\u00a0: Comment articuler ses inspirations et son\u00a0 \u00a0 \u00a0 \u00a0 \u00a0 \u00a0 \u00a0 \u00a0 \u00a0 \u00a0 \u00a0 \u00a0 \u00a0 \u00a0 \u00a0 \u00a0 \u00a0\u00a0<\/span><span style=\"color: #666699; font-size: large; text-align: justify;\">quotidien ?<\/span><\/p>\n<p><span style=\"color: #666699; font-size: large; text-align: justify;\">\u00a0Module 3\u00a0: Pourquoi et comment assumer ses choix ?<\/span><\/p>\n<p><span style=\"color: #666699; font-size: large; text-align: justify;\">\u00a0Module 4\u00a0: L&rsquo;importance de la qualit\u00e9 du sommeil pour\u00a0 \u00a0 \u00a0 \u00a0 \u00a0 \u00a0 \u00a0 \u00a0 \u00a0 \u00a0 \u00a0 \u00a0 \u00a0 \u00a0 \u00a0 \u00a0 bien entreprendre et ses astuces<\/span><\/p>\n<p><span style=\"color: #666699; font-size: large; text-align: justify;\">\u00a0Module 5\u00a0: L&rsquo;importance de la bonne alimentation pour\u00a0 \u00a0 \u00a0 \u00a0 \u00a0 \u00a0 \u00a0 \u00a0 \u00a0 \u00a0 \u00a0 \u00a0 \u00a0 \u00a0 \u00a0 bien entreprendre et ses conseils\u00a0<\/span><\/p>\n<p><span style=\"color: #666699; font-size: large; text-align: justify;\">\u00a0Module 6\u00a0: L&rsquo;importance des exercices physiques et que\u00a0 \u00a0 \u00a0 \u00a0 \u00a0 \u00a0 \u00a0 \u00a0 \u00a0 \u00a0 \u00a0 \u00a0 \u00a0 \u00a0 \u00a0 choisir<\/span><\/p>\n<p><span style=\"color: #666699; font-size: large; text-align: justify;\">Module 7 : L&rsquo;importance de la respiration pour \u00eatre\u00a0 \u00a0 \u00a0 \u00a0 \u00a0 \u00a0 \u00a0 \u00a0 \u00a0 \u00a0 \u00a0 \u00a0 \u00a0 \u00a0 \u00a0 \u00a0 \u00a0 \u00a0 \u00a0efficaces et ses techniques<\/span><\/p>\n<p><span style=\"color: #666699; font-size: large; text-align: justify;\">Module 8 : Un mindset positif pour r\u00e9ussir dans ses projets<\/span><\/p>\n<p><span style=\"color: #666699; font-size: large; text-align: justify;\">Module 9 : L&rsquo;importance de prendre soin de son corps par\u00a0 \u00a0 \u00a0 \u00a0 \u00a0 \u00a0 \u00a0 \u00a0 \u00a0 \u00a0 \u00a0la d\u00e9contraction musculaire pour \u00eatre plus efficace\u00a0 \u00a0 \u00a0\u00a0<\/span><\/p>\n<p style=\"text-align: justify;\"><span style=\"color: #666699; font-size: large;\"> + Bonus : Quelques cl\u00e9s pour diminuer le stress et augmenter la confiance en soi<\/span><\/p>\n<p>&nbsp;<\/p>\n<p style=\"text-align: justify;\"><span style=\"color: #666699; font-size: large;\"><strong>Tarif : 167\u20ac<\/strong><\/span><strong><span style=\"font-size: 14px; text-align: left;\">\u00a0<\/span><\/strong><\/p>\n<p>[\/et_pb_text][\/et_pb_column][\/et_pb_row][\/et_pb_section][et_pb_section fb_built=\u00a0\u00bb1&Prime; _builder_version=\u00a0\u00bb3.22&Prime;][et_pb_row _builder_version=\u00a0\u00bb3.25&Prime; custom_padding=\u00a0\u00bb0|0px|27px|0px|false|false\u00a0\u00bb][et_pb_column type=\u00a0\u00bb4_4&Prime; _builder_version=\u00a0\u00bb3.25&Prime; custom_padding=\u00a0\u00bb|||\u00a0\u00bb custom_padding__hover=\u00a0\u00bb|||\u00a0\u00bb][et_pb_button button_url=\u00a0\u00bbhttps:\/\/aevolution.systeme.io\/eec05f11&Prime; button_text=\u00a0\u00bbCliquez ici pour acheter la formation\u00a0\u00bb button_alignment=\u00a0\u00bbright\u00a0\u00bb _builder_version=\u00a0\u00bb4.9.4&Prime; custom_button=\u00a0\u00bbon\u00a0\u00bb button_text_color=\u00a0\u00bb#a37070&Prime; button_border_width=\u00a0\u00bb3px\u00a0\u00bb button_font=\u00a0\u00bb||||||||\u00a0\u00bb box_shadow_style=\u00a0\u00bbpreset6&Prime;][\/et_pb_button][\/et_pb_column][\/et_pb_row][\/et_pb_section]<\/p>\n","protected":false},"excerpt":{"rendered":"<p>[et_pb_section fb_built=\u00a0\u00bb1&Prime; _builder_version=\u00a0\u00bb3.22&Prime; custom_padding=\u00a0\u00bb54px|0px|0|0px|false|false\u00a0\u00bb][et_pb_row column_structure=\u00a0\u00bb1_3,2_3&Prime; _builder_version=\u00a0\u00bb3.25&Prime; custom_padding=\u00a0\u00bb27px|0px|0|0px|false|false\u00a0\u00bb][et_pb_column type=\u00a0\u00bb1_3&Prime; _builder_version=\u00a0\u00bb3.25&Prime; custom_padding=\u00a0\u00bb|||\u00a0\u00bb custom_padding__hover=\u00a0\u00bb|||\u00a0\u00bb][et_pb_image src=\u00a0\u00bbhttp:\/\/aevolution.fr\/wp-content\/uploads\/2019\/02\/Mon-livre.jpg\u00a0\u00bb align_tablet=\u00a0\u00bbcenter\u00a0\u00bb align_phone=\u00a0\u00bb\u00a0\u00bb align_last_edited=\u00a0\u00bbon|desktop\u00a0\u00bb _builder_version=\u00a0\u00bb3.23&Prime;][\/et_pb_image][\/et_pb_column][et_pb_column type=\u00a0\u00bb2_3&Prime; _builder_version=\u00a0\u00bb3.25&Prime; custom_padding=\u00a0\u00bb|||\u00a0\u00bb custom_padding__hover=\u00a0\u00bb|||\u00a0\u00bb][et_pb_text _builder_version=\u00a0\u00bb3.27.4&Prime;] \u00c9panouissement et bien-\u00eatre au travail Co-\u00e9crit par Najma ALI-MOUSSA et Benjamin HENNEQUIIN \u00catre heureux, vivre sa vie dans le bien-\u00eatre, profiter de la vie\u00a0\u2026 Lorsque l\u2019on s\u2019interroge sur sa vie, nous faisons un bilan [&hellip;]<\/p>\n","protected":false},"author":1,"featured_media":0,"parent":0,"menu_order":0,"comment_status":"closed","ping_status":"closed","template":"","meta":{"_et_pb_use_builder":"on","_et_pb_old_content":"","_et_gb_content_width":""},"_links":{"self":[{"href":"https:\/\/aevolution.fr\/index.php\/wp-json\/wp\/v2\/pages\/29"}],"collection":[{"href":"https:\/\/aevolution.fr\/index.php\/wp-json\/wp\/v2\/pages"}],"about":[{"href":"https:\/\/aevolution.fr\/index.php\/wp-json\/wp\/v2\/types\/page"}],"author":[{"embeddable":true,"href":"https:\/\/aevolution.fr\/index.php\/wp-json\/wp\/v2\/users\/1"}],"replies":[{"embeddable":true,"href":"https:\/\/aevolution.fr\/index.php\/wp-json\/wp\/v2\/comments?post=29"}],"version-history":[{"count":31,"href":"https:\/\/aevolution.fr\/index.php\/wp-json\/wp\/v2\/pages\/29\/revisions"}],"predecessor-version":[{"id":1198,"href":"https:\/\/aevolution.fr\/index.php\/wp-json\/wp\/v2\/pages\/29\/revisions\/1198"}],"wp:attachment":[{"href":"https:\/\/aevolution.fr\/index.php\/wp-json\/wp\/v2\/media?parent=29"}],"curies":[{"name":"wp","href":"https:\/\/api.w.org\/{rel}","templated":true}]}}