{"id":704,"date":"2021-06-07T16:47:20","date_gmt":"2021-06-07T14:47:20","guid":{"rendered":"https:\/\/aevolution.fr\/?page_id=704"},"modified":"2021-06-11T14:31:12","modified_gmt":"2021-06-11T12:31:12","slug":"aevolution-et-son-concept","status":"publish","type":"page","link":"https:\/\/aevolution.fr\/index.php\/aevolution-et-son-concept\/","title":{"rendered":"AEvolution et son concept"},"content":{"rendered":"\n[et_pb_section fb_built=\u00a0\u00bb1&Prime; _builder_version=\u00a0\u00bb3.0.47&Prime;][et_pb_row _builder_version=\u00a0\u00bb3.7&Prime; background_size=\u00a0\u00bbinitial\u00a0\u00bb background_position=\u00a0\u00bbtop_left\u00a0\u00bb background_repeat=\u00a0\u00bbrepeat\u00a0\u00bb][et_pb_column type=\u00a0\u00bb4_4&Prime; _builder_version=\u00a0\u00bb3.0.47&Prime;][et_pb_text _builder_version=\u00a0\u00bb3.19.14&Prime; text_font=\u00a0\u00bb||||||||\u00a0\u00bb text_text_color=\u00a0\u00bb#666699&Prime;]<p style=\"text-align: center;\"><span style=\"font-size: x-large; color: #666699;\"><strong>AEvolution et son concept entreprendre et bien-\u00eatre<\/strong><\/span><\/p>\n<p style=\"text-align: center;\"><span style=\"font-size: x-large; color: #666699;\"><strong><\/strong><\/span><\/p>\n<p style=\"text-align: center;\"><span style=\"font-size: x-large; color: #666699;\"><strong><\/strong><\/span><\/p>\n<p style=\"text-align: center;\"><span style=\"font-size: x-large; color: #666699;\"><strong><\/strong><\/span><\/p>\n<p style=\"text-align: justify;\"><span style=\"color: #666699;\">AEvolution a pour concept d&rsquo;accompagner des personnes \u00e0 se r\u00e9aliser et \u00eatre \u00e9panouie dans ce qu&rsquo;elles font. Tout changement ne peut se faire correctement si il n&rsquo;y a pas d&rsquo;\u00e9quilibre avec votre bien-\u00eatre.<\/span><\/p>\n<p style=\"text-align: center;\"><span style=\"color: #666699;\">\u00a0<strong style=\"font-size: 14px;\">\u00ab\u00a0Tous les hommes pensent que le bonheur se trouve au sommet de la montagne alors qu\u2019il r\u00e9side dans la fa\u00e7on de la gravir\u00a0\u00bb.\u00a0Confucius<\/strong><\/span><\/p>\n<p style=\"text-align: justify;\"><span style=\"color: #666699;\">Beaucoup de personnes pensent que pour se r\u00e9aliser il faut avoir un objectif est de faire le n\u00e9cessaire pour s&rsquo;y rendre. Mais en r\u00e9alit\u00e9 la r\u00e9ussite passe par un travail sur soi, sur ses peurs, ses blocages, se d\u00e9passer, et se demander \u00ab\u00a0qu&rsquo;est-ce qui me rend heureux?\u00a0\u00bb Lorsqu&rsquo;on veut gravir une montage, il y aura des challenges \u00e0 surmonter. Pour r\u00e9ussir, il faut continuer malgr\u00e9 les difficult\u00e9s, de ne pas abandonner et d&rsquo;\u00eatre fier de soi pour chaque \u00e9tape. Se construire au fur et \u00e0 mesure de cette mont\u00e9, arriv\u00e9 au sommet, se retourner et de voir le chemin parcouru. Seul au sommet de la montagne, vous vous rendrez compte de qui vous \u00eates devenu, vous avez un sentiment de bien-\u00eatre car durant le parcours vous vous \u00eates respect\u00e9, vous avez pris du temps pour vous. <\/span><span style=\"color: #666699;\">Enfin \u00e9panouie et heureux, vous vous \u00eates trouv\u00e9.<\/span><\/p>\n<p style=\"text-align: justify;\"><span style=\"color: #666699;\">Notre but dans la vie est que vous preniez conscience de vos potentiels, que vous pouvez tout r\u00e9aliser si vous le souhaitez, tout en prenant soin de vous.<\/span><\/p>\n<p><span><\/span><\/p>\n<p><span><\/span><\/p>\n<p>&nbsp;<\/p>[\/et_pb_text][\/et_pb_column][\/et_pb_row][et_pb_row _builder_version=\u00a0\u00bb3.19.14&Prime;][et_pb_column type=\u00a0\u00bb1_3&Prime; _builder_version=\u00a0\u00bb3.19.14&Prime;][et_pb_image src=\u00a0\u00bbhttps:\/\/aevolution.fr\/wp-content\/uploads\/2021\/06\/IMG_20181230_164911-1.jpg\u00a0\u00bb _builder_version=\u00a0\u00bb3.19.14&Prime;][\/et_pb_image][\/et_pb_column][et_pb_column type=\u00a0\u00bb1_3&Prime; _builder_version=\u00a0\u00bb3.19.14&Prime;][et_pb_text _builder_version=\u00a0\u00bb3.19.14&Prime;]<p style=\"text-align: center;\"><span style=\"color: #666699; font-size: large;\"><strong>Les valeurs de AEvolution<\/strong><\/span><\/p>\n<p style=\"text-align: center;\"><span style=\"color: #666699; font-size: large;\"><strong><\/strong><\/span><\/p>\n\n<ul>\n\t<li style=\"text-align: left;\"><strong><span style=\"color: #666699;\">Ecoute<\/span><\/strong><\/li>\n\t<li style=\"text-align: left;\"><strong><span style=\"color: #666699;\">Bienveillance<\/span><\/strong><\/li>\n\t<li style=\"text-align: left;\"><strong><span style=\"color: #666699;\">T\u00e9nacit\u00e9<\/span><\/strong><\/li>\n\t<li style=\"text-align: left;\"><strong><span style=\"color: #666699;\">Bien-\u00eatre<\/span><\/strong><\/li>\n\t<li style=\"text-align: left;\"><strong><span style=\"color: #666699;\">Rire<\/span><\/strong><strong><span style=\"color: #666699;\"><\/span><\/strong><\/li>\n<\/ul>\n<strong><span style=\"color: #666699;\"><\/span><\/strong>[\/et_pb_text][et_pb_text _builder_version=\u00a0\u00bb3.19.14&Prime;]<strong><span style=\"color: #666699;\"><\/span><\/strong>\n<p style=\"text-align: center;\"><span style=\"color: #666699;\"><span style=\"font-size: large;\"><strong>Certifi\u00e9 et form\u00e9 \u00e0 :<\/strong><\/span><strong><\/strong><\/span><\/p>\n<p style=\"text-align: center;\"><span style=\"color: #666699;\"><span style=\"font-size: large;\"><strong><\/strong><\/span><\/span><\/p>\n\n<ul>\n\t<li><strong><span style=\"color: #666699;\">FC : Formateur Consultant niveau II<\/span><\/strong><\/li>\n\t<li><strong><span style=\"color: #666699;\">Coach professionnel certifi\u00e9 niveau II<\/span><\/strong><\/li>\n\t<li><strong><span style=\"color: #666699;\">Technicien PNL<\/span><\/strong><\/li>\n\t<li><strong><span style=\"color: #666699;\">Intelligence \u00e9motionnelle<\/span><\/strong><\/li>\n\t<li><strong><span style=\"color: #666699;\">Test personnalit\u00e9 IRMR\/Hexa3D<\/span><\/strong><\/li>\n\t<li><strong><span style=\"color: #666699;\">Th\u00e9rapeute Shiatsu<\/span><\/strong><\/li>\n\t<li><strong><span style=\"color: #666699;\">Do-In<\/span><\/strong><\/li>\n\t<li><strong><span style=\"color: #666699;\">Di\u00e9th\u00e9tique Chinoise&#8230;<\/span><\/strong><\/li>\n<\/ul>\n<span style=\"color: #666699;\">\u00a0<\/span>\n\n<span style=\"color: #666699;\">\u00a0<\/span>\n\n<strong><span style=\"color: #666699;\"><\/span><\/strong>[\/et_pb_text][\/et_pb_column][et_pb_column type=\u00a0\u00bb1_3&Prime; _builder_version=\u00a0\u00bb3.19.14&Prime;][et_pb_image src=\u00a0\u00bbhttps:\/\/aevolution.fr\/wp-content\/uploads\/2021\/06\/IMG_20190217_140551.jpg\u00a0\u00bb _builder_version=\u00a0\u00bb3.19.14&Prime;][\/et_pb_image][\/et_pb_column][\/et_pb_row][\/et_pb_section]\n","protected":false},"excerpt":{"rendered":"","protected":false},"author":1,"featured_media":0,"parent":0,"menu_order":0,"comment_status":"closed","ping_status":"closed","template":"","meta":{"_et_pb_use_builder":"on","_et_pb_old_content":"<!-- wp:divi\/placeholder \/-->","_et_gb_content_width":""},"_links":{"self":[{"href":"https:\/\/aevolution.fr\/index.php\/wp-json\/wp\/v2\/pages\/704"}],"collection":[{"href":"https:\/\/aevolution.fr\/index.php\/wp-json\/wp\/v2\/pages"}],"about":[{"href":"https:\/\/aevolution.fr\/index.php\/wp-json\/wp\/v2\/types\/page"}],"author":[{"embeddable":true,"href":"https:\/\/aevolution.fr\/index.php\/wp-json\/wp\/v2\/users\/1"}],"replies":[{"embeddable":true,"href":"https:\/\/aevolution.fr\/index.php\/wp-json\/wp\/v2\/comments?post=704"}],"version-history":[{"count":6,"href":"https:\/\/aevolution.fr\/index.php\/wp-json\/wp\/v2\/pages\/704\/revisions"}],"predecessor-version":[{"id":1000,"href":"https:\/\/aevolution.fr\/index.php\/wp-json\/wp\/v2\/pages\/704\/revisions\/1000"}],"wp:attachment":[{"href":"https:\/\/aevolution.fr\/index.php\/wp-json\/wp\/v2\/media?parent=704"}],"curies":[{"name":"wp","href":"https:\/\/api.w.org\/{rel}","templated":true}]}}