{"id":732,"date":"2021-06-07T17:15:10","date_gmt":"2021-06-07T15:15:10","guid":{"rendered":"https:\/\/aevolution.fr\/?page_id=732"},"modified":"2026-03-02T10:04:17","modified_gmt":"2026-03-02T09:04:17","slug":"coaching-en-lien-avec-les-formations","status":"publish","type":"page","link":"https:\/\/aevolution.fr\/index.php\/coaching-en-lien-avec-les-formations\/","title":{"rendered":"Coaching en lien avec les formations"},"content":{"rendered":"<p>[et_pb_section fb_built=\u00a0\u00bb1&Prime; _builder_version=\u00a0\u00bb3.22&Prime; custom_padding=\u00a0\u00bb54px|0px|9px|0px|false|false\u00a0\u00bb][et_pb_row _builder_version=\u00a0\u00bb3.25&Prime; background_color=\u00a0\u00bb#6568&Prime; custom_padding=\u00a0\u00bb27px|0px|27px|0px|false|false\u00a0\u00bb][et_pb_column type=\u00a0\u00bb4_4&Prime; _builder_version=\u00a0\u00bb3.25&Prime; custom_padding=\u00a0\u00bb|||\u00a0\u00bb custom_padding__hover=\u00a0\u00bb|||\u00a0\u00bb][et_pb_text _builder_version=\u00a0\u00bb3.27.4&Prime;]<\/p>\n<h2 class=\"et_pb_module_header et-fb-editable-element et-fb-editable-element__editing\" data-shortcode-id=\"1.0.0.0-1550599919079\" data-quickaccess-id=\"header\" contenteditable=\"true\" style=\"text-align: center;\"><span style=\"color: #ffffff;\"><strong><span style=\"vertical-align: inherit;\"><span style=\"vertical-align: inherit;\">Coaching formation<\/span><\/span><\/strong><\/span><\/h2>\n<p>[\/et_pb_text][\/et_pb_column][\/et_pb_row][\/et_pb_section][et_pb_section fb_built=\u00a0\u00bb1&Prime; _builder_version=\u00a0\u00bb3.22&Prime; custom_padding=\u00a0\u00bb14px|0px|54px|0px|false|false\u00a0\u00bb][et_pb_row _builder_version=\u00a0\u00bb3.25&Prime; custom_padding=\u00a0\u00bb0|0px|27px|0px|false|false\u00a0\u00bb column_structure=\u00a0\u00bb3_4,1_4&Prime;][et_pb_column type=\u00a0\u00bb3_4&Prime; _builder_version=\u00a0\u00bb3.25&Prime; custom_padding=\u00a0\u00bb|||\u00a0\u00bb custom_padding__hover=\u00a0\u00bb|||\u00a0\u00bb][et_pb_text _builder_version=\u00a0\u00bb3.27.4&Prime;]<\/p>\n<p data-start=\"62\" data-end=\"235\"><span style=\"color: #666699; font-size: large;\">Pour chaque formation que nous proposons, vous avez la possibilit\u00e9 de b\u00e9n\u00e9ficier d\u2019un coaching personnalis\u00e9 afin d\u2019atteindre vos objectifs plus rapidement et efficacement.<\/span><\/p>\n<p data-start=\"242\" data-end=\"342\"><span style=\"color: #666699; font-size: large;\">Les s\u00e9ances se d\u00e9roulent en pr\u00e9sentiel ou \u00e0 distance, selon vos pr\u00e9f\u00e9rences et vos disponibilit\u00e9s.<\/span><\/p>\n<p data-start=\"349\" data-end=\"494\"><span style=\"color: #666699; font-size: large;\">L\u2019objectif : vous offrir un accompagnement enti\u00e8rement individualis\u00e9, adapt\u00e9 \u00e0 vos besoins sp\u00e9cifiques, avec un temps d\u00e9di\u00e9 exclusivement \u00e0 vous afin de vous permettre d\u2019avancer avec clart\u00e9, assurance et performance.<\/span><\/p>\n<p>[\/et_pb_text][\/et_pb_column][et_pb_column type=\u00a0\u00bb1_4&Prime; _builder_version=\u00a0\u00bb3.25&Prime; custom_padding=\u00a0\u00bb|||\u00a0\u00bb custom_padding__hover=\u00a0\u00bb|||\u00a0\u00bb][et_pb_text _builder_version=\u00a0\u00bb3.27.4&Prime; background_image=\u00a0\u00bbhttp:\/\/aevolution.fr\/wp-content\/uploads\/2019\/02\/IMG_3536.jpg\u00a0\u00bb]<\/p>\n<p style=\"text-align: center;\"><strong>\u00ab\u00a0Et si on gravissaient la montagne ensemble&#8230;\u00a0\u00bb<\/strong><\/p>\n<p>&nbsp;<\/p>\n<p>&nbsp;<\/p>\n<p>&nbsp;<\/p>\n<p>&nbsp;<\/p>\n<p>&#8230;\u00a0\u00bb<\/p>\n<p>[\/et_pb_text][\/et_pb_column][\/et_pb_row][\/et_pb_section]<\/p>\n","protected":false},"excerpt":{"rendered":"<p>[et_pb_section fb_built=\u00a0\u00bb1&Prime; _builder_version=\u00a0\u00bb3.22&Prime; custom_padding=\u00a0\u00bb54px|0px|9px|0px|false|false\u00a0\u00bb][et_pb_row _builder_version=\u00a0\u00bb3.25&Prime; background_color=\u00a0\u00bb#6568&Prime; custom_padding=\u00a0\u00bb27px|0px|27px|0px|false|false\u00a0\u00bb][et_pb_column type=\u00a0\u00bb4_4&Prime; _builder_version=\u00a0\u00bb3.25&Prime; custom_padding=\u00a0\u00bb|||\u00a0\u00bb custom_padding__hover=\u00a0\u00bb|||\u00a0\u00bb][et_pb_text _builder_version=\u00a0\u00bb3.27.4&Prime;] Coaching formation [\/et_pb_text][\/et_pb_column][\/et_pb_row][\/et_pb_section][et_pb_section fb_built=\u00a0\u00bb1&Prime; _builder_version=\u00a0\u00bb3.22&Prime; custom_padding=\u00a0\u00bb14px|0px|54px|0px|false|false\u00a0\u00bb][et_pb_row _builder_version=\u00a0\u00bb3.25&Prime; custom_padding=\u00a0\u00bb0|0px|27px|0px|false|false\u00a0\u00bb column_structure=\u00a0\u00bb3_4,1_4&Prime;][et_pb_column type=\u00a0\u00bb3_4&Prime; _builder_version=\u00a0\u00bb3.25&Prime; custom_padding=\u00a0\u00bb|||\u00a0\u00bb custom_padding__hover=\u00a0\u00bb|||\u00a0\u00bb][et_pb_text _builder_version=\u00a0\u00bb3.27.4&Prime;] Pour chaque formation que nous proposons, vous avez la possibilit\u00e9 de b\u00e9n\u00e9ficier d\u2019un coaching personnalis\u00e9 afin d\u2019atteindre vos objectifs plus rapidement et efficacement. Les s\u00e9ances se d\u00e9roulent en pr\u00e9sentiel [&hellip;]<\/p>\n","protected":false},"author":1,"featured_media":0,"parent":0,"menu_order":0,"comment_status":"closed","ping_status":"closed","template":"","meta":{"_et_pb_use_builder":"on","_et_pb_old_content":"<!-- wp:divi\/placeholder \/-->","_et_gb_content_width":""},"_links":{"self":[{"href":"https:\/\/aevolution.fr\/index.php\/wp-json\/wp\/v2\/pages\/732"}],"collection":[{"href":"https:\/\/aevolution.fr\/index.php\/wp-json\/wp\/v2\/pages"}],"about":[{"href":"https:\/\/aevolution.fr\/index.php\/wp-json\/wp\/v2\/types\/page"}],"author":[{"embeddable":true,"href":"https:\/\/aevolution.fr\/index.php\/wp-json\/wp\/v2\/users\/1"}],"replies":[{"embeddable":true,"href":"https:\/\/aevolution.fr\/index.php\/wp-json\/wp\/v2\/comments?post=732"}],"version-history":[{"count":5,"href":"https:\/\/aevolution.fr\/index.php\/wp-json\/wp\/v2\/pages\/732\/revisions"}],"predecessor-version":[{"id":1306,"href":"https:\/\/aevolution.fr\/index.php\/wp-json\/wp\/v2\/pages\/732\/revisions\/1306"}],"wp:attachment":[{"href":"https:\/\/aevolution.fr\/index.php\/wp-json\/wp\/v2\/media?parent=732"}],"curies":[{"name":"wp","href":"https:\/\/api.w.org\/{rel}","templated":true}]}}