{"id":740,"date":"2021-06-07T17:22:00","date_gmt":"2021-06-07T15:22:00","guid":{"rendered":"https:\/\/aevolution.fr\/?page_id=740"},"modified":"2021-06-11T14:42:38","modified_gmt":"2021-06-11T12:42:38","slug":"mastermind","status":"publish","type":"page","link":"https:\/\/aevolution.fr\/index.php\/mastermind\/","title":{"rendered":"Mastermind"},"content":{"rendered":"\n[et_pb_section fb_built=\u00a0\u00bb1&Prime; _builder_version=\u00a0\u00bb3.19.14&Prime; max_width=\u00a0\u00bb28%\u00a0\u00bb module_alignment=\u00a0\u00bbcenter\u00a0\u00bb custom_padding=\u00a0\u00bb3px|0px|0|0px|false|false\u00a0\u00bb][et_pb_row custom_padding=\u00a0\u00bb0|0px|27px|0px|false|false\u00a0\u00bb _builder_version=\u00a0\u00bb3.19.14&Prime;][et_pb_column type=\u00a0\u00bb4_4&Prime; _builder_version=\u00a0\u00bb3.19.14&Prime;][et_pb_image src=\u00a0\u00bbhttps:\/\/aevolution.fr\/wp-content\/uploads\/2021\/01\/logo-cercle-vertueux.png\u00a0\u00bb align=\u00a0\u00bbcenter\u00a0\u00bb _builder_version=\u00a0\u00bb3.19.14&Prime;][\/et_pb_image][\/et_pb_column][\/et_pb_row][\/et_pb_section][et_pb_section fb_built=\u00a0\u00bb1&Prime; _builder_version=\u00a0\u00bb3.19.14&Prime;][et_pb_row custom_padding=\u00a0\u00bb0|0|27px|0px|false|false\u00a0\u00bb _builder_version=\u00a0\u00bb3.19.14&Prime;][et_pb_column type=\u00a0\u00bb2_3&Prime; _builder_version=\u00a0\u00bb3.19.14&Prime;][et_pb_text _builder_version=\u00a0\u00bb3.19.14&Prime; text_font=\u00a0\u00bb||||||||\u00a0\u00bb text_font_size=\u00a0\u00bb17px\u00a0\u00bb text_line_height=\u00a0\u00bb1.8em\u00a0\u00bb]<p><span style=\"color: #666699;\">Vous \u00eates ind\u00e9pendant, consultant, coach, prestataire de service, freelance, web-entrepreneur, startupeur, commer\u00e7ant, profession lib\u00e9rale ou tout simplement entrepreneur ?\u00a0<\/span><\/p>\n<p><span style=\"color: #666699;\">Votre travail de dirigeant est complexe. Pertinent dans votre domaine d\u2019activit\u00e9\u00a0d\u2019une petite structure, vous g\u00e8rez les ventes, les relations clients, la communication, le marketing, les finances, l\u2019administratif, la strat\u00e9gie\u2026bref vous \u00eates v\u00e9ritablement un homme-orchestre !<\/span><\/p>\n<p><span style=\"color: #666699;\">Fort de ces constats et du besoin r\u00e9el des entrepreneurs,\u00a0<strong>les groupes MASTERMIND \u00ab\u00a0Le Cercle Vertueux\u00a0\u00bb<\/strong>\u00a0ont vu le jour,\u00a0<strong>cr\u00e9es par des entrepreneurs pour des entrepreneurs.<\/strong><\/span><\/p>\n<p><span style=\"color: #666699;\">Votre Comit\u00e9 Strat\u00e9gique pour:<\/span><\/p>\n<ul>\n<li><span style=\"color: #666699;\">Partager et brainstormer sur votre vision et vos objectifs<\/span><\/li>\n<li><span style=\"color: #666699;\">mettre en place un syst\u00e8me de soutien et d\u2019engagement r\u00e9ciproque<\/span><\/li>\n<li><span style=\"color: #666699;\">renforcer votre attitude et votre mindset d\u2019entrepreneur<\/span><\/li>\n<li><span style=\"color: #666699;\">surmonter vos obstacles<\/span><\/li>\n<li><span style=\"color: #666699;\">valoriser vos talents et vos victoires<\/span><\/li>\n<li><span style=\"color: #666699;\">booster votre confiance en vous<\/span><\/li>\n<li><span style=\"color: #666699;\">cesser de procrastiner et passer \u00e0 l\u2019action<\/span><\/li>\n<li><span style=\"color: #666699;\">briser la solitude et de prendre du recul dans un contexte encourageant, empreint de bienveillance et de respect.<\/span><\/li>\n<li><span style=\"color: #666699;\">construire l\u2019entreprise dont vous r\u00eavez pour vivre de vos passions<\/span><\/li>\n<\/ul>\n<p><span style=\"font-size: 14px; color: #666699;\">Comme un PDG le fait avec son comit\u00e9 de direction, vous le constaterez : pouvoir r\u00e9guli\u00e8rement s\u2019adresser \u00e0 son groupe MasterMind est d\u2019une valeur inestimable pour acc\u00e9l\u00e9rer votre r\u00e9ussite.<\/span><\/p>\n<p><span style=\"color: #666699;\">Bien plus qu\u2019un MasterMind, Le Cercle Vertueux c\u2019est :<\/span><\/p>\n<ul>\n<li><span style=\"color: #666699;\">6 journ\u00e9es en cerveau collectif<\/span><\/li>\n<li><span style=\"color: #666699;\">6 webinaires par des experts<\/span><\/li>\n<li><span style=\"color: #666699;\">1 webconf\u00e9rence tous les mois sous des th\u00e9matiques vari\u00e9es (L&rsquo;\u00e9tat d&rsquo;esprit ; le d\u00e9veloppement commercial ; la gestion ; l&rsquo;optimisation et l&rsquo;expansion)<\/span><\/li>\n<li><span style=\"color: #666699;\">1 journ\u00e9e europ\u00e9enne<\/span><\/li>\n<li><span style=\"color: #666699;\">La formation LEADER en d\u00e9veloppement commercial<\/span><\/li>\n<\/ul>\n<p><span style=\"color: #666699;\">\u2026 et une \u00e9nergie qui vous porte !<\/span><\/p>[\/et_pb_text][\/et_pb_column][et_pb_column type=\u00a0\u00bb1_3&Prime; _builder_version=\u00a0\u00bb3.19.14&Prime;][et_pb_image src=\u00a0\u00bbhttps:\/\/aevolution.fr\/wp-content\/uploads\/2021\/01\/cerveau-collectif-Mastermind-1024&#215;640-1.jpg\u00a0\u00bb align=\u00a0\u00bbcenter\u00a0\u00bb _builder_version=\u00a0\u00bb3.19.14&Prime; custom_margin=\u00a0\u00bb258px||0px\u00a0\u00bb custom_padding=\u00a0\u00bb||0px|0px\u00a0\u00bb][\/et_pb_image][\/et_pb_column][\/et_pb_row][\/et_pb_section]\n","protected":false},"excerpt":{"rendered":"","protected":false},"author":1,"featured_media":0,"parent":0,"menu_order":0,"comment_status":"closed","ping_status":"closed","template":"","meta":{"_et_pb_use_builder":"on","_et_pb_old_content":"<!-- wp:divi\/placeholder \/-->","_et_gb_content_width":""},"_links":{"self":[{"href":"https:\/\/aevolution.fr\/index.php\/wp-json\/wp\/v2\/pages\/740"}],"collection":[{"href":"https:\/\/aevolution.fr\/index.php\/wp-json\/wp\/v2\/pages"}],"about":[{"href":"https:\/\/aevolution.fr\/index.php\/wp-json\/wp\/v2\/types\/page"}],"author":[{"embeddable":true,"href":"https:\/\/aevolution.fr\/index.php\/wp-json\/wp\/v2\/users\/1"}],"replies":[{"embeddable":true,"href":"https:\/\/aevolution.fr\/index.php\/wp-json\/wp\/v2\/comments?post=740"}],"version-history":[{"count":4,"href":"https:\/\/aevolution.fr\/index.php\/wp-json\/wp\/v2\/pages\/740\/revisions"}],"predecessor-version":[{"id":1008,"href":"https:\/\/aevolution.fr\/index.php\/wp-json\/wp\/v2\/pages\/740\/revisions\/1008"}],"wp:attachment":[{"href":"https:\/\/aevolution.fr\/index.php\/wp-json\/wp\/v2\/media?parent=740"}],"curies":[{"name":"wp","href":"https:\/\/api.w.org\/{rel}","templated":true}]}}